{"id":369,"date":"2012-12-11T19:01:49","date_gmt":"2012-12-11T19:01:49","guid":{"rendered":"http:\/\/www.artroskopija.com\/wp\/?page_id=369"},"modified":"2012-12-31T08:48:30","modified_gmt":"2012-12-31T08:48:30","slug":"kelio-sanario-vidinio-menisko-prisiuvimas-naudojant-ultra-fasfix-sistema","status":"publish","type":"page","link":"https:\/\/artroskopija.com\/wp\/kiti-operaciju-video\/kelio-sanario-vidinio-menisko-prisiuvimas-naudojant-ultra-fasfix-sistema\/","title":{"rendered":"Kelio s\u0105nario vidinio menisko prisiuvimas naudojant Ultra FastFix sistem\u0105"},"content":{"rendered":"<p>Vidinio menisko kibiro rankenos tipo ply\u0161imo prisiuvimas naudojant vidus-vidus (all inside) metodik\u0105 ir Ultra FastFix sistem\u0105.<\/p>\n<p><span class=\"youtube\"><iframe loading=\"lazy\" title=\"YouTube video player\" class=\"youtube-player\" type=\"text\/html\" width=\"425\" height=\"344\" src=\"\/\/www.youtube.com\/embed\/rVB2hgcpOhk?wmode=transparent&amp;fs=1&amp;hl=en&amp;modestbranding=1&amp;iv_load_policy=3&amp;showsearch=0&amp;rel=1&amp;theme=dark\" frameborder=\"0\" allowfullscreen><\/iframe><\/span><\/p>\n","protected":false},"excerpt":{"rendered":"<p>Vidinio menisko kibiro rankenos tipo ply\u0161imo prisiuvimas naudojant vidus-vidus (all inside) metodik\u0105 ir Ultra FastFix sistem\u0105.<\/p>\n","protected":false},"author":1,"featured_media":0,"parent":330,"menu_order":5,"comment_status":"open","ping_status":"open","template":"","meta":{"footnotes":""},"class_list":["post-369","page","type-page","status-publish","hentry"],"_links":{"self":[{"href":"https:\/\/artroskopija.com\/wp\/wp-json\/wp\/v2\/pages\/369","targetHints":{"allow":["GET"]}}],"collection":[{"href":"https:\/\/artroskopija.com\/wp\/wp-json\/wp\/v2\/pages"}],"about":[{"href":"https:\/\/artroskopija.com\/wp\/wp-json\/wp\/v2\/types\/page"}],"author":[{"embeddable":true,"href":"https:\/\/artroskopija.com\/wp\/wp-json\/wp\/v2\/users\/1"}],"replies":[{"embeddable":true,"href":"https:\/\/artroskopija.com\/wp\/wp-json\/wp\/v2\/comments?post=369"}],"version-history":[{"count":3,"href":"https:\/\/artroskopija.com\/wp\/wp-json\/wp\/v2\/pages\/369\/revisions"}],"predecessor-version":[{"id":371,"href":"https:\/\/artroskopija.com\/wp\/wp-json\/wp\/v2\/pages\/369\/revisions\/371"}],"up":[{"embeddable":true,"href":"https:\/\/artroskopija.com\/wp\/wp-json\/wp\/v2\/pages\/330"}],"wp:attachment":[{"href":"https:\/\/artroskopija.com\/wp\/wp-json\/wp\/v2\/media?parent=369"}],"curies":[{"name":"wp","href":"https:\/\/api.w.org\/{rel}","templated":true}]}}